{"id":10384,"date":"2021-04-12T18:14:55","date_gmt":"2021-04-12T16:14:55","guid":{"rendered":"https:\/\/meacpre.vipnetsaas.com\/?page_id=10384"},"modified":"2024-12-11T16:17:05","modified_gmt":"2024-12-11T15:17:05","slug":"plasma-quad-connect","status":"publish","type":"page","link":"https:\/\/www.mitsubishielectric.es\/aire-acondicionado\/plasma-quad-connect\/","title":{"rendered":"Plasma Quad Connect"},"content":{"rendered":"<p>El <strong class=\"redtxt\">Plasma Quad Connect<\/strong> es el accesorio que te permite incorporar la tecnolog\u00eda de filtrado Plasma Quad en cualquier unidad Mitsubishi Electric****, mejorando tu instalaci\u00f3n y asegurando una mejor calidad del aire interior<\/p>\n<p>La tecnolog\u00eda <strong class=\"redtxt\">Plasma Quad<\/strong>, exclusiva de Mitsubishi Electric, inhibe el 99,8% del SARS-CoV-2(***) as\u00ed como los principales contaminantes del aire, como polvo, bacterias, virus, moho, \u00e1caros, pelos de mascota, elementos al\u00e9rgenos y otras part\u00edculas nocivas. Es el \u00fanico sistema de filtrado de aire acondicionado avalado por la Sociedad de Alergolog\u00eda e Inmunolog\u00eda Cl\u00ednica (SEAIC)<\/p>\n","protected":false},"excerpt":{"rendered":"<p>El Plasma Quad Connect es el accesorio que te permite incorporar la tecnolog\u00eda de filtrado Plasma Quad en cualquier unidad Mitsubishi Electric****, mejorando tu instalaci\u00f3n y asegurando una mejor calidad del aire interior La tecnolog\u00eda Plasma Quad, exclusiva de Mitsubishi Electric, inhibe el 99,8% del SARS-CoV-2(***) as\u00ed como los principales contaminantes del aire, como polvo,&#8230;  <a href=\"https:\/\/www.mitsubishielectric.es\/aire-acondicionado\/plasma-quad-connect\/\" title=\"Leer Plasma Quad Connect\">Leer m\u00e1s &raquo;<\/a><\/p>\n","protected":false},"author":2,"featured_media":10801,"parent":0,"menu_order":0,"comment_status":"closed","ping_status":"closed","template":"retrofits.php","meta":{"_acf_changed":false,"footnotes":""},"class_list":["post-10384","page","type-page","status-publish","has-post-thumbnail","hentry"],"acf":[],"_links":{"self":[{"href":"https:\/\/www.mitsubishielectric.es\/aire-acondicionado\/wp-json\/wp\/v2\/pages\/10384","targetHints":{"allow":["GET"]}}],"collection":[{"href":"https:\/\/www.mitsubishielectric.es\/aire-acondicionado\/wp-json\/wp\/v2\/pages"}],"about":[{"href":"https:\/\/www.mitsubishielectric.es\/aire-acondicionado\/wp-json\/wp\/v2\/types\/page"}],"author":[{"embeddable":true,"href":"https:\/\/www.mitsubishielectric.es\/aire-acondicionado\/wp-json\/wp\/v2\/users\/2"}],"replies":[{"embeddable":true,"href":"https:\/\/www.mitsubishielectric.es\/aire-acondicionado\/wp-json\/wp\/v2\/comments?post=10384"}],"version-history":[{"count":0,"href":"https:\/\/www.mitsubishielectric.es\/aire-acondicionado\/wp-json\/wp\/v2\/pages\/10384\/revisions"}],"wp:featuredmedia":[{"embeddable":true,"href":"https:\/\/www.mitsubishielectric.es\/aire-acondicionado\/wp-json\/wp\/v2\/media\/10801"}],"wp:attachment":[{"href":"https:\/\/www.mitsubishielectric.es\/aire-acondicionado\/wp-json\/wp\/v2\/media?parent=10384"}],"curies":[{"name":"wp","href":"https:\/\/api.w.org\/{rel}","templated":true}]}}