{"id":16330,"date":"2022-02-21T18:23:57","date_gmt":"2022-02-21T17:23:57","guid":{"rendered":"https:\/\/meacpre.vipnetsaas.com\/?page_id=16330"},"modified":"2026-01-21T11:02:36","modified_gmt":"2026-01-21T10:02:36","slug":"madrid","status":"publish","type":"page","link":"https:\/\/www.mitsubishielectric.es\/aire-acondicionado\/profesionales\/academia-3-diamantes\/madrid\/","title":{"rendered":"Madrid"},"content":{"rendered":"\r\n<h2 class=\"wp-block-heading has-text-align-center\">Conoce nuestra sede<\/h2>\r\n\r\n\r\n\r\n<p class=\"has-text-align-center\">Bienvenido a nuestra Academia 3 Diamantes de Madrid. Disfruta de una amplia gama de jornadas y cursos sobre las \u00faltimas tendencias en tecnolog\u00eda e innovaci\u00f3n, e inscr\u00edbete.<\/p>\r\n","protected":false},"excerpt":{"rendered":"<p>Conoce nuestra sede Bienvenido a nuestra Academia 3 Diamantes de Madrid. Disfruta de una amplia gama de jornadas y cursos sobre las \u00faltimas tendencias en tecnolog\u00eda e innovaci\u00f3n, e inscr\u00edbete.<\/p>\n","protected":false},"author":2,"featured_media":16547,"parent":16214,"menu_order":1,"comment_status":"closed","ping_status":"closed","template":"academia-int.php","meta":{"_acf_changed":false,"footnotes":""},"class_list":["post-16330","page","type-page","status-publish","has-post-thumbnail","hentry"],"acf":[],"_links":{"self":[{"href":"https:\/\/www.mitsubishielectric.es\/aire-acondicionado\/wp-json\/wp\/v2\/pages\/16330","targetHints":{"allow":["GET"]}}],"collection":[{"href":"https:\/\/www.mitsubishielectric.es\/aire-acondicionado\/wp-json\/wp\/v2\/pages"}],"about":[{"href":"https:\/\/www.mitsubishielectric.es\/aire-acondicionado\/wp-json\/wp\/v2\/types\/page"}],"author":[{"embeddable":true,"href":"https:\/\/www.mitsubishielectric.es\/aire-acondicionado\/wp-json\/wp\/v2\/users\/2"}],"replies":[{"embeddable":true,"href":"https:\/\/www.mitsubishielectric.es\/aire-acondicionado\/wp-json\/wp\/v2\/comments?post=16330"}],"version-history":[{"count":0,"href":"https:\/\/www.mitsubishielectric.es\/aire-acondicionado\/wp-json\/wp\/v2\/pages\/16330\/revisions"}],"up":[{"embeddable":true,"href":"https:\/\/www.mitsubishielectric.es\/aire-acondicionado\/wp-json\/wp\/v2\/pages\/16214"}],"wp:featuredmedia":[{"embeddable":true,"href":"https:\/\/www.mitsubishielectric.es\/aire-acondicionado\/wp-json\/wp\/v2\/media\/16547"}],"wp:attachment":[{"href":"https:\/\/www.mitsubishielectric.es\/aire-acondicionado\/wp-json\/wp\/v2\/media?parent=16330"}],"curies":[{"name":"wp","href":"https:\/\/api.w.org\/{rel}","templated":true}]}}