{"id":16334,"date":"2022-02-21T18:30:17","date_gmt":"2022-02-21T17:30:17","guid":{"rendered":"https:\/\/meacpre.vipnetsaas.com\/?page_id=16334"},"modified":"2026-01-27T11:18:11","modified_gmt":"2026-01-27T10:18:11","slug":"sede-virtual","status":"publish","type":"page","link":"https:\/\/www.mitsubishielectric.es\/aire-acondicionado\/profesionales\/academia-3-diamantes\/sede-virtual\/","title":{"rendered":"Sede virtual"},"content":{"rendered":"\r\n<h2 class=\"has-text-align-center wp-block-heading\">Conoce nuestra sede virtual<\/h2>\r\n\r\n\r\n\r\n<p class=\"has-text-align-center\">Bienvenido a nuestra Sede Virtual de Academia 3 Diamantes. Disfruta de una amplia gama de jornadas y cursos sobre las \u00faltimas tendencias en tecnolog\u00eda e innovaci\u00f3n, e inscr\u00edbete.<\/p>\r\n","protected":false},"excerpt":{"rendered":"<p>Conoce nuestra sede virtual Bienvenido a nuestra Sede Virtual de Academia 3 Diamantes. Disfruta de una amplia gama de jornadas y cursos sobre las \u00faltimas tendencias en tecnolog\u00eda e innovaci\u00f3n, e inscr\u00edbete.<\/p>\n","protected":false},"author":2,"featured_media":16545,"parent":16214,"menu_order":6,"comment_status":"closed","ping_status":"closed","template":"academia-int.php","meta":{"_acf_changed":false,"footnotes":""},"class_list":["post-16334","page","type-page","status-publish","has-post-thumbnail","hentry"],"acf":[],"_links":{"self":[{"href":"https:\/\/www.mitsubishielectric.es\/aire-acondicionado\/wp-json\/wp\/v2\/pages\/16334","targetHints":{"allow":["GET"]}}],"collection":[{"href":"https:\/\/www.mitsubishielectric.es\/aire-acondicionado\/wp-json\/wp\/v2\/pages"}],"about":[{"href":"https:\/\/www.mitsubishielectric.es\/aire-acondicionado\/wp-json\/wp\/v2\/types\/page"}],"author":[{"embeddable":true,"href":"https:\/\/www.mitsubishielectric.es\/aire-acondicionado\/wp-json\/wp\/v2\/users\/2"}],"replies":[{"embeddable":true,"href":"https:\/\/www.mitsubishielectric.es\/aire-acondicionado\/wp-json\/wp\/v2\/comments?post=16334"}],"version-history":[{"count":0,"href":"https:\/\/www.mitsubishielectric.es\/aire-acondicionado\/wp-json\/wp\/v2\/pages\/16334\/revisions"}],"up":[{"embeddable":true,"href":"https:\/\/www.mitsubishielectric.es\/aire-acondicionado\/wp-json\/wp\/v2\/pages\/16214"}],"wp:featuredmedia":[{"embeddable":true,"href":"https:\/\/www.mitsubishielectric.es\/aire-acondicionado\/wp-json\/wp\/v2\/media\/16545"}],"wp:attachment":[{"href":"https:\/\/www.mitsubishielectric.es\/aire-acondicionado\/wp-json\/wp\/v2\/media?parent=16334"}],"curies":[{"name":"wp","href":"https:\/\/api.w.org\/{rel}","templated":true}]}}