{"id":2361,"date":"2020-01-22T15:53:28","date_gmt":"2020-01-22T14:53:28","guid":{"rendered":"https:\/\/meacpre.vipnetsaas.com\/?page_id=2361"},"modified":"2025-09-17T11:26:27","modified_gmt":"2025-09-17T09:26:27","slug":"documentacion","status":"publish","type":"page","link":"https:\/\/www.mitsubishielectric.es\/aire-acondicionado\/profesionales\/documentacion\/","title":{"rendered":"Documentaci\u00f3n"},"content":{"rendered":"<div class=\"contenth\">\n        <div class=\"fourcol first first\"><\/p>\n<a id=\"legal\" href=\"https:\/\/content.mitsubishielectric.es\/aire-acondicionado\/lista-de-precios\/?mc_cid=251533cfe3&amp;mc_eid=UNIQID\" target=\"_blank\" rel=\"noopener noreferrer\"> <\/a><a href=\"https:\/\/www.mitsubishielectric.es\/aire-acondicionado\/solicitud-de-consulta-del-catalogo\/\" target=\"_blank\" rel=\"noopener noreferrer\"><img loading=\"lazy\" decoding=\"async\" class=\"alignnone wp-image-39273 size-full\" style=\"display: block; width: 100%; height: auto;\" src=\"https:\/\/www.mitsubishielectric.es\/aire-acondicionado\/wp-content\/uploads\/2024\/05\/lista_preciojunio24-2.png\" alt=\"\" width=\"500\" height=\"262\" \/><\/a>\n<h3 style=\"margin-bottom: 30px;\">Lista de Precios<\/h3>\n<p>Lista de precios para profesionales. Entrada en vigor de los precios el 10 de Junio de 2024.<\/p>\n<p><\/div>\n    \n<\/div>\n<div class=\"contenth\">\n        <div class=\"fourcol first first\"><\/p>\n<a style=\"display: block; background: #e0e0e0;\" href=\"http:\/\/doc.mitsubishielectric.es\/lodotec\/lodotec_clientes_beta.asp\" target=\"_blank\" rel=\"noopener noreferrer\"><img decoding=\"async\" class=\"wp-image-2399 size-full aligncenter\" style=\"padding: 20px;\" src=\"https:\/\/www.mitsubishielectric.es\/aire-acondicionado\/wp-content\/uploads\/2020\/01\/ico_V2.png\" alt=\"\" width=\"55%\" height=\"auto\" \/><\/a>\n<h3 style=\"margin-bottom: 30px;\">Documentaci\u00f3n t\u00e9cnica o recambios<\/h3>\n<p>Encuentra toda la documentaci\u00f3n t\u00e9cnica que necesites y consulta el stock de recambios.<\/p>\n<p><\/div>\n    \n        <div class=\"fourcol pdf-list first\"><\/p>\n<h3 style=\"margin-bottom: 30px;\">Fichas de Datos de Seguridad de gases refrigerantes<\/h3>\n<p>Encuentra todas las fichas de seguridad seg\u00fan el tipo de gas refrigerante.<\/p>\n<p><div class=\"doc-lst\"><\/p>\n<div id=\"desplegable-fichas\">\n<div class=\"six first\">\n<p><a href=\"https:\/\/www.mitsubishielectric.es\/aire-acondicionado\/wp-content\/uploads\/2018\/05\/1_SDS_R290-Ingles-30-08-2023.pdf\" target=\"_blank\" rel=\"noopener\">R290<\/a><\/p>\n<p><a href=\"https:\/\/www.mitsubishielectric.es\/aire-acondicionado\/wp-content\/uploads\/2018\/05\/2_SDS_-R32-Espanol-30-12-2022.pdf\" target=\"_blank\" rel=\"noopener\">R32<\/a><\/p>\n<p><a href=\"https:\/\/www.mitsubishielectric.es\/aire-acondicionado\/wp-content\/uploads\/2018\/05\/SDS_R134A-Espanol-25-05-2023.pdf\" target=\"_blank\" rel=\"noopener\">R134A<\/a><\/p>\n<p><a href=\"https:\/\/www.mitsubishielectric.es\/aire-acondicionado\/wp-content\/uploads\/2018\/05\/SDS_R404A_INGLES-30-12-2022.pdf\" target=\"_blank\" rel=\"noopener\">R404A<\/a><\/p>\n<p><a href=\"https:\/\/www.mitsubishielectric.es\/aire-acondicionado\/wp-content\/uploads\/2018\/05\/SDS_R407C-Ingles-30-12-2022.pdf\" target=\"_blank\" rel=\"noopener\">R407C<\/a><\/p>\n<p><a href=\"https:\/\/www.mitsubishielectric.es\/aire-acondicionado\/wp-content\/uploads\/2018\/05\/SDS_R410A-Ingles-29-12-2022.pdf\" target=\"_blank\" rel=\"noopener\">R410A<\/a><\/p>\n<p><a href=\"https:\/\/www.mitsubishielectric.es\/aire-acondicionado\/wp-content\/uploads\/2018\/05\/SDS_R454B-Espanol-27-01-2021.pdf\" target=\"_blank\" rel=\"noopener\">R454B<\/a><\/p>\n<p><a href=\"https:\/\/www.mitsubishielectric.es\/aire-acondicionado\/wp-content\/uploads\/2018\/05\/SDS_R513A-Ingles-09-10-2020.pdf\" target=\"_blank\" rel=\"noopener\">R513A<\/a><\/p>\n<p><a href=\"https:\/\/www.mitsubishielectric.es\/aire-acondicionado\/wp-content\/uploads\/2018\/05\/SDS_R1234Z-Ingles-22-09-2023.pdf\" target=\"_blank\" rel=\"noopener\">R1234Z<\/a><\/p>\n<p><a href=\"https:\/\/www.mitsubishielectric.es\/aire-acondicionado\/wp-content\/uploads\/2018\/05\/SDS_R515B_Ingles-02-08-2023.pdf\" target=\"_blank\" rel=\"noopener\">R515B<\/a><\/p>\n<p><a href=\"https:\/\/www.mitsubishielectric.es\/aire-acondicionado\/wp-content\/uploads\/2018\/05\/R454C-Japanese.pdf\" target=\"_blank\" rel=\"noopener\">R454C<\/a><\/p>\n<p><a href=\"https:\/\/www.mitsubishielectric.es\/aire-acondicionado\/wp-content\/uploads\/2018\/05\/R744-SDS.pdf\" target=\"_blank\" rel=\"noopener\">R744 SDS<\/a><\/p>\n<\/div>\n<\/div>\n<p><\/div><\/p>\n<p><\/div>\n    \n        <div class=\"fourcol pdf-list first\"><\/p>\n<h3 style=\"margin-bottom: 30px;\">Solicitud de asistencia t\u00e9cnica<\/h3>\n<p>Si necesita solicitar asistencia en Puesta en Marcha env\u00edenos el documento correspondiente debidamente rellenado:<\/p>\n<p><div class=\"doc-lst\"><\/p>\n<div id=\"desplegable-pdf\">\n<div class=\"six first\">\n<p><a href=\"https:\/\/www.mitsubishielectric.es\/aire-acondicionado\/files\/solicitud-intervencion24.pdf\" target=\"_blank\" rel=\"noopener noreferrer\">Solicitud de intervenci\u00f3n<\/a><\/p>\n<p><a href=\"https:\/\/www.mitsubishielectric.es\/aire-acondicionado\/wp-content\/uploads\/2024\/02\/Solicitud-de-intervencion-Canal-Consumo.pdf\" target=\"_blank\" rel=\"noopener noreferrer\">Solicitud de intervenci\u00f3n &#8211; Canal consumo<\/a><\/p>\n<p><a href=\"https:\/\/www.mitsubishielectric.es\/aire-acondicionado\/wp-content\/uploads\/2021\/04\/Solicitud-Gratuita-a-la-Puesta-en-Marcha-de-Sistemas-City-Multi.pdf\" target=\"_blank\" rel=\"noopener noreferrer\">Solicitud Gratuita de asistencia a la puesta en marcha Sistemas City Multi<\/a><\/p>\n<p><a href=\"https:\/\/www.mitsubishielectric.es\/aire-acondicionado\/wp-content\/uploads\/2024\/02\/Solicitud-asesoramiento-Field-Test-en-garantia-Ecodan.pdf\" target=\"_blank\" rel=\"noopener noreferrer\">Solicitud de Field Test en garant\u00eda Sistemas Ecodan<\/a><\/p>\n<p><a href=\"https:\/\/www.mitsubishielectric.es\/aire-acondicionado\/wp-content\/uploads\/2024\/02\/Solicitud-asesoramiento-field-test-con-cargo-Ecodan.pdf\" target=\"_blank\" rel=\"noopener noreferrer\">Solicitud de Field Test con cargo Sistemas Ecodan<\/a><\/p>\n<p><a href=\"https:\/\/www.mitsubishielectric.es\/aire-acondicionado\/wp-content\/uploads\/2021\/03\/Solicitud-PeM-Enfriadoras.pdf\" target=\"_blank\" rel=\"noopener noreferrer\">Solicitud de asistencia a la puesta en marcha Sistemas Chiller<\/a><\/p>\n<p><a href=\"https:\/\/www.mitsubishielectric.es\/aire-acondicionado\/wp-content\/uploads\/2021\/03\/Solicitud-PeM-E-Series.pdf\" target=\"_blank\" rel=\"noopener noreferrer\">Solicitud de asistencia a la puesta en marcha Sistemas e-Series<\/a><\/p>\n<p><a href=\"https:\/\/www.mitsubishielectric.es\/aire-acondicionado\/wp-content\/uploads\/2021\/03\/Solicitud-PeM-RMI.pdf\" target=\"_blank\" rel=\"noopener noreferrer\">Solicitud de asistencia a la puesta en marcha Sistema de Gesti\u00f3n y monitorizaci\u00f3n online RMI<\/a><\/p>\n<p><a href=\"https:\/\/www.mitsubishielectric.es\/aire-acondicionado\/wp-content\/uploads\/2021\/06\/Asistencia-PeM-ITCooling.pdf\">Solicitud de asistencia a la puesta en marcha Sistemas IT Cooling<\/a><\/p>\n<\/div>\n<\/div>\n<p><\/div><\/p>\n<p><\/div>\n    \n<\/div>\n<div class=\"contenth\">\n        <div class=\"fourcol first first\"><\/p>\n<h3 style=\"margin-bottom: 30px;\"><strong>Otras Comunicaciones<\/strong><\/h3>\n<p><div class=\"doc-lst\"><\/p>\n<p><a href=\"https:\/\/www.mitsubishielectric.es\/aire-acondicionado\/wp-content\/uploads\/2025\/09\/condiciones_generales_de_venta_20250903_VF.pdf\">Condiciones Generales de Venta<\/a><\/p>\n<p><a href=\"https:\/\/www.mitsubishielectric.es\/aire-acondicionado\/wp-content\/uploads\/2024\/07\/ME_Condiciones_Generales_de_Venta_Servicios.pdf\" target=\"_blank\" rel=\"noopener\">Condiciones Generales de Venta de Servicios<\/a><\/p>\n<p><a href=\"https:\/\/www.mitsubishielectric.es\/aire-acondicionado\/wp-content\/uploads\/2020\/03\/Contramedidas-recomendadas-para-Controles-Centralizados_v4.pdf\">Contramedidas recomendadas para Controles Centralizados<\/a><\/p>\n<p><a href=\"https:\/\/www.mitsubishielectric.es\/aire-acondicionado\/wp-content\/uploads\/2023\/05\/Parametros-Calidad-Agua_v2-.pdf\">Par\u00e1metros de calidad del agua para la instalaci\u00f3n de Hydrobox D\u00fao<\/a><\/p>\n<p><a href=\"https:\/\/www.mitsubishielectric.es\/aire-acondicionado\/wp-content\/uploads\/2025\/09\/anexo_de_uso-reglamento_europeo_de_datos_MEU-SP_V.1.0_ES-20250912.pdf\">Reglamento Europeo de Datos<\/a><\/p>\n<p><\/div><\/p>\n<p><\/div>\n    \n<\/div>\n<style>\n        @media (min-width: 768px) {<br \/>            .tarifapp-50 {<br \/>                width: 50%;<br \/>            }<br \/>        }<br \/>    <\/style>\n","protected":false},"excerpt":{"rendered":"<p>Toda la informaci\u00f3n t\u00e9cnica y recambios<br \/>al alcance de tu mano<\/p>\n","protected":false},"author":2,"featured_media":2380,"parent":39195,"menu_order":6,"comment_status":"closed","ping_status":"closed","template":"page-profesional.php","meta":{"_acf_changed":false,"footnotes":""},"class_list":["post-2361","page","type-page","status-publish","has-post-thumbnail","hentry"],"acf":[],"_links":{"self":[{"href":"https:\/\/www.mitsubishielectric.es\/aire-acondicionado\/wp-json\/wp\/v2\/pages\/2361","targetHints":{"allow":["GET"]}}],"collection":[{"href":"https:\/\/www.mitsubishielectric.es\/aire-acondicionado\/wp-json\/wp\/v2\/pages"}],"about":[{"href":"https:\/\/www.mitsubishielectric.es\/aire-acondicionado\/wp-json\/wp\/v2\/types\/page"}],"author":[{"embeddable":true,"href":"https:\/\/www.mitsubishielectric.es\/aire-acondicionado\/wp-json\/wp\/v2\/users\/2"}],"replies":[{"embeddable":true,"href":"https:\/\/www.mitsubishielectric.es\/aire-acondicionado\/wp-json\/wp\/v2\/comments?post=2361"}],"version-history":[{"count":0,"href":"https:\/\/www.mitsubishielectric.es\/aire-acondicionado\/wp-json\/wp\/v2\/pages\/2361\/revisions"}],"up":[{"embeddable":true,"href":"https:\/\/www.mitsubishielectric.es\/aire-acondicionado\/wp-json\/wp\/v2\/pages\/39195"}],"wp:featuredmedia":[{"embeddable":true,"href":"https:\/\/www.mitsubishielectric.es\/aire-acondicionado\/wp-json\/wp\/v2\/media\/2380"}],"wp:attachment":[{"href":"https:\/\/www.mitsubishielectric.es\/aire-acondicionado\/wp-json\/wp\/v2\/media?parent=2361"}],"curies":[{"name":"wp","href":"https:\/\/api.w.org\/{rel}","templated":true}]}}