{"id":632,"date":"2019-03-19T10:30:12","date_gmt":"2019-03-19T09:30:12","guid":{"rendered":"https:\/\/meacpre.vipnetsaas.com\/?page_id=632"},"modified":"2025-04-03T16:58:30","modified_gmt":"2025-04-03T14:58:30","slug":"glosario","status":"publish","type":"page","link":"https:\/\/www.mitsubishielectric.es\/aire-acondicionado\/glosario\/","title":{"rendered":"Glosario"},"content":{"rendered":"<ul class=\"tabs\"><li data-id=\"tab-1\" class=\"active\">A<\/li><li data-id=\"tab-2\">B<\/li><li data-id=\"tab-3\">C<\/li><li data-id=\"tab-4\">D<\/li><li data-id=\"tab-5\">E<\/li><li data-id=\"tab-6\">F<\/li><li data-id=\"tab-7\">G<\/li><li data-id=\"tab-8\">H<\/li><li data-id=\"tab-9\">I<\/li><li data-id=\"tab-10\">L<\/li><li data-id=\"tab-11\">M<\/li><li data-id=\"tab-12\">P<\/li><li data-id=\"tab-13\">R<\/li><li data-id=\"tab-14\">S<\/li><li data-id=\"tab-15\">T<\/li><li data-id=\"tab-16\">U<\/li><li data-id=\"tab-17\">V<\/li><\/ul><div class=\"tab-group\"><br \/>\n<div id=\"tab-1\" class=\"tabs-box active\"><\/p>\n<h3>ACONDICIONADOR DE AIRE<\/h3>\n<p>Un dispositivo mec\u00e1nico de refrigeraci\u00f3n usado para controlar la temperatura, la humedad, la limpieza y el movimiento de aire en un espacio cerrado.<\/p>\n<h3>AIRE ATMOSF\u00c9RICO<\/h3>\n<p>Aire que contiene diversos componentes gaseosos, adem\u00e1s de vapor de agua y diversos componentes (humo, polen, otros contaminantes gaseosos y biol\u00f3gicos que no se encuentran normalmente en el aire libre alejado de fuentes contaminantes).<\/p>\n<h3>AIRE DE ESCAPE<\/h3>\n<p>Aire interior viciado que sale de un edificio.<\/p>\n<h3>AIRE DE RETORNO<\/h3>\n<p>Aire dentro de un edificio que vuelve a un sistema de ventilaci\u00f3n.<\/p>\n<h3>AIRE EXTERIOR<\/h3>\n<p>Aire en el exterior de un edificio en su estado natural.<\/p>\n<h3>AIRE FRESCO<\/h3>\n<p>Aire de ventilaci\u00f3n exterior que entra en un edificio.<\/p>\n<h3>AIRE H\u00daMEDO<\/h3>\n<p>Una mezcla binaria (de dos componentes) de aire seco y vapor de agua.<\/p>\n<h3>AIRE SECO<\/h3>\n<p>Aire donde se han eliminado todo vapor de aire y contaminantes del aire atmosf\u00e9rico.<\/p>\n<h3>AGUA CALIENTE SANITARIA<\/h3>\n<p>El agua caliente sanitaria (ACS) es <a title=\"Agua\" href=\"https:\/\/es.wikipedia.org\/wiki\/Agua\" target=\"_blank\" rel=\"nofollow noopener noreferrer\">agua<\/a> destinada a consumo <a title=\"Homo sapiens\" href=\"https:\/\/es.wikipedia.org\/wiki\/Homo_sapiens\" target=\"_blank\" rel=\"nofollow noopener noreferrer\">humano<\/a> (<a title=\"Agua potable\" href=\"https:\/\/es.wikipedia.org\/wiki\/Agua_potable\" target=\"_blank\" rel=\"nofollow noopener noreferrer\">potable<\/a>) que ha sido calentada. Se utiliza para usos sanitarios (ba\u00f1os, duchas, etc.) y para otros usos de limpieza (fregado de platos, lavadora, lavavajillas, fregado de suelos).<\/div><\/p>\n<p><div id=\"tab-2\" class=\"tabs-box\"><\/p>\n<h3>BOMBA DE CALOR<\/h3>\n<p>Un sistema acondicionador de aire que es capaz de revertir la direcci\u00f3n del flujo de refrigerante para enfriar o calentar el espacio interior.<\/p>\n<h3>BTU<\/h3>\n<p>Unidad t\u00e9rmica brit\u00e1nica. Se usa para medir la capacidad de enfriamiento o calefacci\u00f3n.<\/p>\n<p><\/div><\/p>\n<p><div id=\"tab-3\" class=\"tabs-box\"><\/p>\n<h3>CA\u00cdDA DE PRESI\u00d3N<\/h3>\n<p>La ca\u00edda de presi\u00f3n a trav\u00e9s del intercambiador de calor se expresa como diferencia en presi\u00f3n est\u00e1tica entre el flujo de aire de suministro entrante y el flujo de aire de suministro saliente.<\/p>\n<h3>CAPACIDAD<\/h3>\n<p>Sistema de calificaci\u00f3n de refrigeraci\u00f3n generalmente medida en BTU por hora (BTU Unidad t\u00e9rmica brit\u00e1nica).<\/p>\n<h3>CFM<\/h3>\n<p>Una medida IP de flujo de aire y volumen, &#8220;Pies c\u00fabicos por minuto&#8221; tambi\u00e9n puede expresarse en &#8220;Metros c\u00fabicos por hora&#8221; &#8211; M3\/H en SI. 1 CFM=0.58 x M3\/H.<\/p>\n<h3>CLIMATIZACI\u00d3N<\/h3>\n<p>Es el proceso de tratamiento del aire destinado a controlar simult\u00e1neamente su humedad, limpieza, distribuci\u00f3n y temperatura para responder a las exigencias del espacio climatizado.<\/p>\n<h3>CALOR\u00cdA<\/h3>\n<p>Una calor\u00eda-gramo es la cantidad de calor necesaria para aumentar en 1\u00ba C la temperatura de 1 gramo de agua. Una kilocalor\u00eda equivale a (10)3 calor\u00edas-gramo y es la unidad en que se mide el valor energ\u00e9tico de los alimentos.<\/p>\n<h3>COMPRESOR<\/h3>\n<p>Una bomba dentro de un sistema de refrigeraci\u00f3n o aire acondicionado que bombea refrigerante por tuber\u00edas entre una unidad condensadora exterior y una unidad evaporadora interior, usando presi\u00f3n. A veces se denomina el coraz\u00f3n del sistema de refrigeraci\u00f3n o aire acondicionado.<\/p>\n<p>M\u00e1quina en sistemas de refrigeraci\u00f3n, hecha para succionar vapor del lado de baja presi\u00f3n en el ciclo de refrigeraci\u00f3n, y comprimirlo y descargarlo hacia el lado de alta presi\u00f3n del ciclo.<\/p>\n<h3>CONTROL<\/h3>\n<p>Dispositivo manual o autom\u00e1tico, utilizado para detener, arrancar y\/o regular el flujo de gas, l\u00edquido y\/o electricidad.<\/p>\n<h3>CAPACIDAD NOMINAL<\/h3>\n<p>Es la capacidad para la que est\u00e1n dise\u00f1ados los equipos. La capacidad real en un momento determinado puede ser mayor o menor que la nominal en los equipos dotados con sistema Inverter, ya que estos modulan la capacidad adapt\u00e1ndose a las necesidades de cada momento.<\/p>\n<h3>COP<\/h3>\n<p>Potencia calor\u00edfica \/ Potencia el\u00e9ctrica consumida en calefacci\u00f3n.<\/p>\n<p>Esto quiere decir que este valor nos dir\u00e1 cu\u00e1ntos kW t\u00e9rmicos (calor) nos dar\u00e1 el equipo por cada kW el\u00e9ctrico que consuma.<\/p>\n<p><\/div><\/p>\n<p><div id=\"tab-4\" class=\"tabs-box\"><\/p>\n<h3>DESPRESURIZACI\u00d3N<\/h3>\n<p>Disminuir o mantener la presi\u00f3n de aire menor que la normal en un entorno de vivienda. Prevenir la exfiltraci\u00f3n o escape de aire interior de un espacio climatizado.<\/p>\n<h3>DIFERENCIAL DE PRESI\u00d3N<\/h3>\n<p>La diferencia de presi\u00f3n entre dos puntos espec\u00edficos en dos flujos de aire separados (es decir, la presi\u00f3n est\u00e1tica del flujo de aire de suministro frente a la presi\u00f3n est\u00e1tica de flujo de aire de escape).<\/p>\n<h3>DI\u00d3XIDO DE CARBONO<\/h3>\n<p>El CO<sub>2<\/sub> es un gas incoloro, inoloro e incombustible que se forma al respirar, con la combusti\u00f3n y mediante la descomposici\u00f3n org\u00e1nica.<\/p>\n<p><\/div><\/p>\n<p><div id=\"tab-5\" class=\"tabs-box\"><\/p>\n<h3>EFECTIVIDAD NETA<\/h3>\n<p>La medida de eficacia de recuperaci\u00f3n de energ\u00eda ajustada para representar aquella parte del cambio psicom\u00e9trico en el aire de suministro saliente que es resultante de fuga del aire de escape entrante en vez del intercambio de calor o humedad entre los flujos de aire.<\/p>\n<h3>EFICACIA<\/h3>\n<p>La medida de eficacia de recuperaci\u00f3n de energ\u00eda no ajustada para representar aquella parte del cambio psicom\u00e9trico en el aire de suministro saliente que es resultante de fuga del aire de escape entrante en vez del intercambio de calor o humedad entre los flujos de aire.<\/p>\n<h3>ENERG\u00cdA LATENTE<\/h3>\n<p>Energ\u00eda de calor potencial como vapor de agua \/ Humedad.<\/p>\n<h3>ENTALPIA<\/h3>\n<p>Una funci\u00f3n termodin\u00e1mica de un sistema, equivalente a la energ\u00eda interna m\u00e1s el producto de la presi\u00f3n y el volumen.<\/p>\n<h3>EQUIPO DE VENTILACI\u00d3N DE RECUPERACI\u00d3N DE ENERG\u00cdA AIRE A AIRE<\/h3>\n<p>(AAERVE) Componentes de recuperaci\u00f3n de energ\u00eda y ventilaci\u00f3n de recuperaci\u00f3n de energ\u00eda empacada que emplean intercambiadores t\u00e9rmicos aire a aire para recuperar energ\u00eda del aire de escape con el fin de preacondicionar el aire exterior antes de suministrar el aire acondicionado al espacio, ya sea directamente o como parte de un sistema de aire acondicionado (incluyendo calefacci\u00f3n de aire, enfriamiento de aire, circulaci\u00f3n de aire, limpieza de aire, humidificaci\u00f3n y deshumidificaci\u00f3n).<\/p>\n<h3>ETIQUETA ENERG\u00c9TICA<\/h3>\n<p>Herramienta informativa al servicio de los compradores que permite conocer de forma r\u00e1pida la eficiencia energ\u00e9tica de un electrodom\u00e9stico. Incluyen los datos sobre consumo y eficiencia del equipo al que se refiere.<\/p>\n<h3>EER<\/h3>\n<p>Potencia frigor\u00edfica \/ Potencia el\u00e9ctrica consumida en refrigeraci\u00f3n.<\/p>\n<p>Esto quiere decir que este valor nos dir\u00e1 cu\u00e1ntos kW t\u00e9rmicos (fr\u00edo) nos dar\u00e1 el equipo por cada kW el\u00e9ctrico que consuma.<\/p>\n<p><\/div><\/p>\n<p><div id=\"tab-6\" class=\"tabs-box\"><\/p>\n<h3>FACTOR DE CORRECCI\u00d3N DEL AIRE EXTERIOR (OUTDOOR AIR CORRECTION FACTOR, OACF)<\/h3>\n<p>El flujo de aire de suministro entrante (exterior) dividido por el flujo de aire de suministro saliente medido (bruto).<\/p>\n<h3>FLUJO DE AIRE DE ESCAPE<\/h3>\n<p>El flujo de aire que sale del espacio climatizado.<\/p>\n<h3>FLUJO DE AIRE DE SUMINISTRO NETO<\/h3>\n<p>Aquella parte del flujo de aire de suministro saliente que se origin\u00f3 como flujo de aire de suministro entrante. El flujo de aire de suministro neto se determina al restar el aire transferido del lado de escape del intercambiador de calor del flujo de aire bruto medido en el flujo de aire de suministro que sale del intercambiador de calor.<\/p>\n<h3>FILTRO<\/h3>\n<p>Dispositivo para remover part\u00edculas extra\u00f1as de un fluido.<\/p>\n<p><\/div><\/p>\n<p><div id=\"tab-7\" class=\"tabs-box\"><\/p>\n<h3>GAS R-22<\/h3>\n<p>El R22 era hasta hace poco el <a title=\"Gas refrigerante\" href=\"https:\/\/es.wikipedia.org\/wiki\/Gas_refrigerante\" target=\"_blank\" rel=\"nofollow noopener noreferrer\">gas refrigerante<\/a> m\u00e1s utilizado en el sector del <a title=\"Aire acondicionado\" href=\"https:\/\/es.wikipedia.org\/wiki\/Aire_acondicionado\" target=\"_blank\" rel=\"nofollow noopener noreferrer\">aire acondicionado<\/a>, tanto para instalaciones de tipo industrial como dom\u00e9sticas, aunque actualmente se est\u00e1 reduciendo su distribuci\u00f3n por ser altamente perjudicial para la <a title=\"Capa de ozono\" href=\"https:\/\/es.wikipedia.org\/wiki\/Capa_de_ozono\" target=\"_blank\" rel=\"nofollow noopener noreferrer\">capa de ozono<\/a>, y se est\u00e1 sustituyendo progresivamente por el <a title=\"R410A\" href=\"https:\/\/es.wikipedia.org\/wiki\/R410A\" target=\"_blank\" rel=\"nofollow noopener noreferrer\">R410A<\/a>.<\/p>\n<h3>GAS R-410<\/h3>\n<p>El gas R-410A es una mezcla casi azeotr\u00f3pica de dos gases HFC o hidrofluorocarbonados: <a title=\"difluoromethane\" href=\"https:\/\/en.wikipedia.org\/wiki\/en:difluoromethane\" target=\"_blank\" rel=\"nofollow noopener noreferrer\">diflorometano<\/a> (llamado R-32) y <a title=\"pentafluoroethane\" href=\"https:\/\/en.wikipedia.org\/wiki\/en:pentafluoroethane\" target=\"_blank\" rel=\"nofollow noopener noreferrer\">pentafluoroetano<\/a> (llamado R-125), el cual est\u00e1 siendo usado de forma creciente como <a title=\"Refrigerante\" href=\"https:\/\/es.wikipedia.org\/wiki\/Refrigerante\" target=\"_blank\" rel=\"nofollow noopener noreferrer\">refrigerante<\/a> en equipos de <a title=\"Aire acondicionado\" href=\"https:\/\/es.wikipedia.org\/wiki\/Aire_acondicionado\" target=\"_blank\" rel=\"nofollow noopener noreferrer\">aire acondicionado<\/a> debido a sus reducidos niveles de emisiones de CO<sub>2<\/sub> en comparaci\u00f3n con el hasta ahora utilizado R-22.<\/p>\n<p><\/div><\/p>\n<p><div id=\"tab-8\" class=\"tabs-box\"><\/p>\n<h3>HSPF<\/h3>\n<p>Factor de rendimiento de la temporada con calefacci\u00f3n. Una calificaci\u00f3n de la eficiencia promedio de una unidad de bomba de calor al operar en el modo de calefacci\u00f3n.<\/p>\n<h3>HUMEDAD ABSOLUTA:<\/h3>\n<p>El peso del agua dividido por el peso del aire que contiene vapor de agua. Esto corresponde directamente a la temperatura del punto de condensaci\u00f3n y no cambia con la temperatura del aire.<\/p>\n<h3>HUMEDAD RELATIVA<\/h3>\n<p>La relaci\u00f3n de la cantidad de vapor de agua en un volumen de aire a la mayor cantidad de vapor de agua que pudiera haber en el mismo volumen de aire a la misma temperatura y presi\u00f3n expresada como porcentaje.<\/p>\n<h3>HVAC<\/h3>\n<p>T\u00e9rmino y abreviatura general que se usa para la industria de calefacci\u00f3n, ventilaci\u00f3n y aire acondicionado.<\/p>\n<p><\/div><\/p>\n<p><div id=\"tab-9\" class=\"tabs-box\"><\/p>\n<h3>INVERTER DC<\/h3>\n<p>Tecnolog\u00eda que permite ajustar el rendimiento del compresor a los cambios de temperatura detectados en el interior de su hogar, obteniendo el rendimiento m\u00e1s eficiente, un notable ahorro energ\u00e9tico y excelente confort.<\/p>\n<h3>INSTALACI\u00d3N CENTRALIZADA<\/h3>\n<p>Instalaci\u00f3n de calefacci\u00f3n o climatizaci\u00f3n que dispone de un generador (o varios) de calor o fr\u00edo y un sistema de distribuci\u00f3n del mismo a las diferentes unidades de consumo: viviendas, oficinas, etc.<\/p>\n<p><\/div><\/p>\n<p><div id=\"tab-10\" class=\"tabs-box\"><\/p>\n<h3>L\u00cdNEAS DE REFRIGERANTE<\/h3>\n<p>Tubos de cobre a trav\u00e9s de los cuales fluye el refrigerante entre el condensador y los serpentines del evaporador. Estas l\u00edneas com\u00fanmente se a\u00edslan al instalarse.<\/p>\n<p><\/div><\/p>\n<p><div id=\"tab-11\" class=\"tabs-box\"><\/p>\n<h3>MANIPULADOR DE AIRE<\/h3>\n<p>Unidad interior de un sistema de aire acondicionado que contiene el serpent\u00edn del intercambiador de calor, los filtros y el ventilador. Brinda aire acondicionado al espacio.<\/p>\n<h3>MICROPROCESADOR<\/h3>\n<p>Componente el\u00e9ctrico que consiste en circuitos integrados que pueden aceptar, almacenar, controlar y generar informaci\u00f3n.<\/p>\n<h3>MON\u00d3XIDO DE CARBONO<\/h3>\n<p>El CO es un gas incoloro, inoloro y sumamente venenoso que se forma mediante la combusti\u00f3n incompleta de carbono o un material carbon\u00e1ceo.<\/p>\n<p><\/div><\/p>\n<p><div id=\"tab-12\" class=\"tabs-box\"><\/p>\n<h3>PRESI\u00d3N DE VAPOR<\/h3>\n<p>La presi\u00f3n que ejerce un vapor en equilibrio con el l\u00edquido a la presi\u00f3n atmosf\u00e9rica.<\/p>\n<h3>PRESI\u00d3N EST\u00c1TICA:<\/h3>\n<p>Presi\u00f3n clasificada como que tiene un cambio peque\u00f1o o indetectable con el tiempo.<\/p>\n<h3>PRESURIZACI\u00d3N<\/h3>\n<p>Aumentar o mantener la presi\u00f3n de aire mayor que la normal en un entorno de vivienda. Prevenir la infiltraci\u00f3n en un edificio al aumentar la presi\u00f3n de aire interna sobre la presi\u00f3n de aire exterior ambiente.<\/p>\n<h3>PUNTO DE CONDENSACI\u00d3N<\/h3>\n<p>La temperatura de saturaci\u00f3n a la cual se produce la condensaci\u00f3n de vapor de agua a l\u00edquido (tambi\u00e9n llamado punto de roc\u00edo).<\/p>\n<p><\/div><\/p>\n<p><div id=\"tab-13\" class=\"tabs-box\"><\/p>\n<h3>RELACI\u00d3N DE HUMEDAD<\/h3>\n<p>El peso del agua dividido por el peso del aire que contiene vapor de agua. Esto corresponde directamente a la temperatura del punto de condensaci\u00f3n y no cambia con la temperatura del aire.<\/p>\n<h3>RELACI\u00d3N DE TRANSFERENCIA DE AIRE DE ESCAPE<\/h3>\n<p>La diferencia de concentraci\u00f3n del gas de traza entre el aire de suministro saliente y el flujo de aire de suministro entrante (exterior), dividido por la concentraci\u00f3n del gas de traza en el aire de escape (retorno) entrante al flujo de aire nominal de 100%, expresado como porcentaje.<\/p>\n<h3>REFRIGERANTE<\/h3>\n<p>Es un calor\u00edfico que desplaza el calor hacia el exterior. Para reducir o mantener la temperatura de un espacio por debajo de la temperatura del entorno, se debe extraer calor del espacio y, transferirlo a otro cuerpo cuya temperatura sea inferior a la del espacio refrigerado.<\/p>\n<h3>RECUPERADOR DE CALOR<\/h3>\n<p>Un recuperador de calor es un equipo que permite recuperar parte de la energ\u00eda del aire climatizado del interior de una estancia o local, a trav\u00e9s del sistema de ventilaci\u00f3n mec\u00e1nica de dicho aire, mediante un intercambiador que pone en contacto el aire interior que se extrae con el del exterior que se introduce, sin que se mezcle el aire de los dos circuitos.<\/p>\n<p>En invierno funciona calentando el aire fr\u00edo que entra del exterior, mientras que en verano permite enfriar el aire caliente del exterior, disponiendo adem\u00e1s de unos filtros que reducen el nivel de contaminantes y mejorando considerablemente la calidad de dicho aire.<\/p>\n<p><\/div><\/p>\n<p><div id=\"tab-14\" class=\"tabs-box\"><\/p>\n<h3>SISTEMA DE AIRE EXTERIOR DEDICADO<\/h3>\n<p>Un sistema para suministrar aire de ventilaci\u00f3n exterior a un edificio, independientemente del sistema de distribuci\u00f3n o acondicionamiento de aire de HVAC.<\/p>\n<h3>SISTEMA DIVIDIDO SIN DUCTOS<\/h3>\n<p>Comprende una unidad condensadora remota exterior conectada mediante tubos de refrigerante a un manipulador de aire interior sin ductos. Los casos especiales para introducir aire fresco pueden requerir ductos limitados a un manipulador de aire desde el exterior.<\/p>\n<h3>SUBLIMACI\u00d3N<\/h3>\n<p>Hacer que (un s\u00f3lido o gas) cambie de estado sin convertirse en l\u00edquido.<\/p>\n<h3>SALTO T\u00c9RMICO<\/h3>\n<p>Es toda diferencia de temperaturas. Se suele emplear para definir la diferencia entre la temperatura del aire de entrada a un acondicionador y la de salida del mismo, y tambi\u00e9n para definir la diferencia entre la temperatura del aire en el exterior y la del interior.<\/p>\n<h3>SEER<\/h3>\n<p>Coeficiente de eficiencia energ\u00e9tica estacional en fr\u00edo. Este coeficiente energ\u00e9tico representa la eficiencia de un climatizador funcionando en refrigeraci\u00f3n, durante toda la temporada. Se calcula como la demanda de refrigeraci\u00f3n anual dividida por el consumo anual de energ\u00eda en refrigeraci\u00f3n.<\/p>\n<h3>SCOP<\/h3>\n<p>Coeficiente de eficiencia energ\u00e9tica estacional en calor. Este coeficiente de rendimiento representa la eficiencia del climatizador funcionando en calefacci\u00f3n durante toda la temporada (el valor del SCOP corresponde a una temporada de calefacci\u00f3n determinada).<\/p>\n<p><\/div><\/p>\n<p><div id=\"tab-15\" class=\"tabs-box\"><\/p>\n<h3>TERMISTOR<\/h3>\n<p>Un resistor que tiene propiedades semiconductoras donde var\u00eda la resistencia r\u00e1pida y predeciblemente con los cambios de temperatura.<\/p>\n<p><\/div><\/p>\n<p><div id=\"tab-16\" class=\"tabs-box\"><\/p>\n<h3>UNIDAD CONDENSADORA<\/h3>\n<p>Unidad exterior de un sistema acondicionador de aire que contiene compresor, ventilador con h\u00e9lice, placa de circuitos y serpent\u00edn intercambiador de calor. Bombea refrigerante al evaporador.<\/p>\n<p><\/div><\/p>\n<p><div id=\"tab-17\" class=\"tabs-box\"><\/p>\n<h3>VENTILACI\u00d3N DE CONTROL A DEMANDA (DEMAND CONTROL VENTILATION, DCV)<\/h3>\n<p>Estrategia de ventilaci\u00f3n donde las tasas de ventilaci\u00f3n se basan en la ocupaci\u00f3n real (CO<sub>2<\/sub> DCV es el uso m\u00e1s com\u00fan y se define claramente en ASHRAE 62-1989 como &#8220;emplear concentraci\u00f3n de CO<sub>2<\/sub> como sustituto de la concentraci\u00f3n de contaminantes relacionados con la ocupaci\u00f3n como bioefluentes, permitiendo as\u00ed modular el aire exterior suministrado a los espacios durante periodos de baja ocupaci\u00f3n.)<\/p>\n<h3>VENTILACI\u00d3N DESEQUILIBRADA<\/h3>\n<p>Un estado de ventilaci\u00f3n que tiene un \u00edndice de suministro mayor que el \u00edndice de escape (presurizaci\u00f3n) o un mayor \u00edndice de escape que el \u00edndice de suministro (despresurizaci\u00f3n) en un edificio u otra estructura.<\/p>\n<h3>VENTILACI\u00d3N EQUILIBRADA<\/h3>\n<p>Una estrategia de ventilaci\u00f3n que usa tanto un soplador de aire de escape como un soplador de aire de suministro o reposici\u00f3n que tiene igual flujo de aire a igual presi\u00f3n que no presuriza ni despresuriza un edificio.<\/p>\n<h3>VENTILACI\u00d3N<\/h3>\n<p>La introducci\u00f3n controlada de aire exterior dentro de una estructura, con una cantidad igual de aire de escape.<\/p>\n<h3>VENTILADOR DE RECUPERACI\u00d3N DE CALOR (HRV)<\/h3>\n<p>Un ventilador que combina un intercambiador de calor aire a aire que transfiere calor sensible entre flujos de aire con cierta combinaci\u00f3n de ventiladores o sopladores para aportar aire fresco al interior de un edificio y extraer aire de un edificio.<\/p>\n<h3>VENTILADOR DE RECUPERACI\u00d3N DE ENERG\u00cdA (ERV)<\/h3>\n<p>Un ventilador que combina un intercambiador de calor aire a aire totalmente ent\u00e1lpico que transfiere tanto calor sensible como humedad (calor latente) entre flujos de aire con alguna combinaci\u00f3n de ventiladores o sopladores para aportar aire fresco en un edificio y extraer aire de un edificio a un costo minimizado.<\/p>\n<p><\/div><\/p>\n<p><\/div>\n","protected":false},"excerpt":{"rendered":"","protected":false},"author":2,"featured_media":1096,"parent":0,"menu_order":10,"comment_status":"closed","ping_status":"closed","template":"page-glosario.php","meta":{"_acf_changed":false,"footnotes":""},"class_list":["post-632","page","type-page","status-publish","has-post-thumbnail","hentry"],"acf":[],"_links":{"self":[{"href":"https:\/\/www.mitsubishielectric.es\/aire-acondicionado\/wp-json\/wp\/v2\/pages\/632","targetHints":{"allow":["GET"]}}],"collection":[{"href":"https:\/\/www.mitsubishielectric.es\/aire-acondicionado\/wp-json\/wp\/v2\/pages"}],"about":[{"href":"https:\/\/www.mitsubishielectric.es\/aire-acondicionado\/wp-json\/wp\/v2\/types\/page"}],"author":[{"embeddable":true,"href":"https:\/\/www.mitsubishielectric.es\/aire-acondicionado\/wp-json\/wp\/v2\/users\/2"}],"replies":[{"embeddable":true,"href":"https:\/\/www.mitsubishielectric.es\/aire-acondicionado\/wp-json\/wp\/v2\/comments?post=632"}],"version-history":[{"count":0,"href":"https:\/\/www.mitsubishielectric.es\/aire-acondicionado\/wp-json\/wp\/v2\/pages\/632\/revisions"}],"wp:featuredmedia":[{"embeddable":true,"href":"https:\/\/www.mitsubishielectric.es\/aire-acondicionado\/wp-json\/wp\/v2\/media\/1096"}],"wp:attachment":[{"href":"https:\/\/www.mitsubishielectric.es\/aire-acondicionado\/wp-json\/wp\/v2\/media?parent=632"}],"curies":[{"name":"wp","href":"https:\/\/api.w.org\/{rel}","templated":true}]}}